{"id":9,"date":"2022-11-13T03:35:15","date_gmt":"2022-11-13T03:35:15","guid":{"rendered":"https:\/\/laclabichemission.com\/?page_id=9"},"modified":"2023-02-19T15:53:51","modified_gmt":"2023-02-19T15:53:51","slug":"getting-here","status":"publish","type":"page","link":"https:\/\/laclabichemission.com\/fr\/getting-here\/","title":{"rendered":"S'y rendre"},"content":{"rendered":"<p><strong>Notre adresse:<\/strong><br>67453 Mission Road<br>Lac La Biche, Alberta<br>T0A 2C2<\/p>\n\n\n\n<p><\/p>\n\n\n\n<p>La Mission du Lac La Biche est situ\u00e9e \u00e0 environ 220 kilom\u00e8tres au nord est d'Edmonton.<\/p>\n\n\n\n<p>C'est un court trajet de 10 minutes du hameau de Lac La Biche et environ 15 minutes du village de Plamondon.<\/p>\n\n\n\n<p><\/p>\n\n\n\n<p class=\"has-medium-font-size\"><strong>Directions routi\u00e8res:<\/strong><\/p>\n\n\n\n<p>Si vous \u00eates sur l'autoroute 55, tournez sur Range Road 144A. \u00c0 la prochaine intersection, tournez \u00e0 droite sur Township Road 674A. Vous verrez notre site \u00e0 votre gauche. Il y a une affiche avec 5 drapeaux.<\/p>\n\n\n\n<p><img loading=\"lazy\" decoding=\"async\" width=\"300\" height=\"400\" class=\"wp-image-184\" style=\"width: 300px;\" src=\"https:\/\/laclabichemission.com\/wp-content\/uploads\/2023\/02\/FlagsFrontMission-1.jpg\" alt=\"\" srcset=\"https:\/\/laclabichemission.com\/wp-content\/uploads\/2023\/02\/FlagsFrontMission-1.jpg 1536w, https:\/\/laclabichemission.com\/wp-content\/uploads\/2023\/02\/FlagsFrontMission-1-225x300.jpg 225w, https:\/\/laclabichemission.com\/wp-content\/uploads\/2023\/02\/FlagsFrontMission-1-768x1024.jpg 768w, https:\/\/laclabichemission.com\/wp-content\/uploads\/2023\/02\/FlagsFrontMission-1-1152x1536.jpg 1152w\" sizes=\"auto, (max-width: 300px) 100vw, 300px\" \/><\/p>\n\n\n\n<p>Si vous arrivez de Lac La Biche et que vous \u00eates en direction ouest sur l'autoroute 55, tournez sur Range Road 141 (670671 Old Mission Road) pr\u00e8s du Boston Pizza et de l'a\u00e9roport. Cette route pav\u00e9e vous guidera vers le site de la Mission, \u00e0 quelques 10 minutes de voiture. Vous verrez nos affiches.<\/p>\r\n<p style=\"text-align: center;\">\u00a0<\/p>\n\n\n<p style=\"text-align: center;\"><iframe loading=\"lazy\" style=\"border: 0;\" src=\"https:\/\/www.google.com\/maps\/embed?pb=!1m18!1m12!1m3!1d2298.566863451979!2d-112.09376488447433!3d54.8227261803149!2m3!1f0!2f0!3f0!3m2!1i1024!2i768!4f13.1!3m3!1m2!1s0x53a696ffffffffff%3A0x458216bf530793!2sMission%20de%20Lac%20La%20Biche%20Mission!5e0!3m2!1sfr!2sca!4v1676816412977!5m2!1sfr!2sca\" width=\"600\" height=\"450\" allowfullscreen=\"allowfullscreen\"><\/iframe><\/p>\n<p style=\"text-align: center;\"><\/p>\n\n<div class=\"wp-block-image\">\n<figure class=\"aligncenter size-large\"><img loading=\"lazy\" decoding=\"async\" width=\"1024\" height=\"236\" src=\"https:\/\/laclabichemission.com\/wp-content\/uploads\/2023\/02\/FooterMission6-1024x236.jpg\" alt=\"\" class=\"wp-image-175\" srcset=\"https:\/\/laclabichemission.com\/wp-content\/uploads\/2023\/02\/FooterMission6-1024x236.jpg 1024w, https:\/\/laclabichemission.com\/wp-content\/uploads\/2023\/02\/FooterMission6-300x69.jpg 300w, https:\/\/laclabichemission.com\/wp-content\/uploads\/2023\/02\/FooterMission6-768x177.jpg 768w, https:\/\/laclabichemission.com\/wp-content\/uploads\/2023\/02\/FooterMission6-1536x353.jpg 1536w\" sizes=\"auto, (max-width: 1024px) 100vw, 1024px\" \/><\/figure>\n<\/div>","protected":false},"excerpt":{"rendered":"<p>Our address:67453 Mission RoadLac La Biche, AlbertaT0A 2C2 The Lac La Biche Mission is located approximately 220 km northeast of Edmonton. It is a short 10 minute drive from the Hamlet of Lac La Biche and 15 minutes from the [&hellip;]<\/p>\n","protected":false},"author":1,"featured_media":0,"parent":0,"menu_order":0,"comment_status":"closed","ping_status":"closed","template":"","meta":{"_coblocks_attr":"","_coblocks_dimensions":"","_coblocks_responsive_height":"","_coblocks_accordion_ie_support":"","footnotes":""},"class_list":["post-9","page","type-page","status-publish","hentry"],"_links":{"self":[{"href":"https:\/\/laclabichemission.com\/fr\/wp-json\/wp\/v2\/pages\/9","targetHints":{"allow":["GET"]}}],"collection":[{"href":"https:\/\/laclabichemission.com\/fr\/wp-json\/wp\/v2\/pages"}],"about":[{"href":"https:\/\/laclabichemission.com\/fr\/wp-json\/wp\/v2\/types\/page"}],"author":[{"embeddable":true,"href":"https:\/\/laclabichemission.com\/fr\/wp-json\/wp\/v2\/users\/1"}],"replies":[{"embeddable":true,"href":"https:\/\/laclabichemission.com\/fr\/wp-json\/wp\/v2\/comments?post=9"}],"version-history":[{"count":7,"href":"https:\/\/laclabichemission.com\/fr\/wp-json\/wp\/v2\/pages\/9\/revisions"}],"predecessor-version":[{"id":186,"href":"https:\/\/laclabichemission.com\/fr\/wp-json\/wp\/v2\/pages\/9\/revisions\/186"}],"wp:attachment":[{"href":"https:\/\/laclabichemission.com\/fr\/wp-json\/wp\/v2\/media?parent=9"}],"curies":[{"name":"wp","href":"https:\/\/api.w.org\/{rel}","templated":true}]}}