{"id":47,"date":"2022-11-19T20:42:17","date_gmt":"2022-11-19T20:42:17","guid":{"rendered":"https:\/\/laclabichemission.com\/?page_id=47"},"modified":"2023-02-19T19:21:14","modified_gmt":"2023-02-19T19:21:14","slug":"buildings","status":"publish","type":"page","link":"https:\/\/laclabichemission.com\/fr\/buildings\/","title":{"rendered":"\u00c9difices"},"content":{"rendered":"<p>La Mission du Lac La Biche est compos\u00e9e de plusieurs \u00e9difices historiques, la plupart ont \u00e9t\u00e9 restaur\u00e9s.<\/p>\n\n\n\n<p><strong>Couvent<\/strong> (1894\/1911)<\/p>\n\n\n\n<p><strong>\u00c9glise<\/strong> (1923)<\/p>\n\n\n\n<p><strong>Buanderie<\/strong> (pr\u00e9-1921)<\/p>\n\n\n\n<p><strong>Garage<\/strong> (1948)<\/p>\n\n\n\n<p><strong>Reproduction du presbyt\u00e8re<\/strong><\/p>\n\n\n\n<p><strong>Granges \/ \u00e9tables<\/strong><\/p>\n\n\n\n<p><strong>Poulailler <\/strong>(1936)<\/p>\n\n\n\n<p><strong>\u00c9cole<\/strong> (1961)<\/p>\n\n\n\n<p><strong>Centre des visiteurs <\/strong><\/p>\n\n\n\n<p><\/p>\n\n\n\n<figure class=\"wp-block-table\"><table><tbody><tr><td>Visite 3D de l'\u00e9glise<br><a href=\"https:\/\/www.google.com\/url?q=https%3A%2F%2Funbranded.youriguide.com%2Fthe_church_67453_67453_mission_road_lac_la_biche_ab&amp;sa=D&amp;sntz=1&amp;usg=AOvVaw2ychNhClx1PKzGxVi1w4BT\" target=\"_blank\" rel=\"noreferrer noopener\"><img loading=\"lazy\" decoding=\"async\" width=\"400\" height=\"162\" class=\"wp-image-201\" style=\"width: 400px;\" src=\"https:\/\/laclabichemission.com\/wp-content\/uploads\/2023\/02\/Church-3D.png\" alt=\"\" srcset=\"https:\/\/laclabichemission.com\/wp-content\/uploads\/2023\/02\/Church-3D.png 1280w, https:\/\/laclabichemission.com\/wp-content\/uploads\/2023\/02\/Church-3D-300x121.png 300w, https:\/\/laclabichemission.com\/wp-content\/uploads\/2023\/02\/Church-3D-1024x414.png 1024w, https:\/\/laclabichemission.com\/wp-content\/uploads\/2023\/02\/Church-3D-768x310.png 768w\" sizes=\"auto, (max-width: 400px) 100vw, 400px\" \/><\/a><\/td><td>Visite 3D du Convent<br><a href=\"https:\/\/www.google.com\/url?q=https%3A%2F%2Funbranded.youriguide.com%2Fthe_convent_67453_mission_rd_lac_le_biche_ab&amp;sa=D\" target=\"_blank\" rel=\"noreferrer noopener\"><img loading=\"lazy\" decoding=\"async\" width=\"400\" height=\"162\" class=\"wp-image-202\" style=\"width: 400px;\" src=\"https:\/\/laclabichemission.com\/wp-content\/uploads\/2023\/02\/Convent-3D.png\" alt=\"\" srcset=\"https:\/\/laclabichemission.com\/wp-content\/uploads\/2023\/02\/Convent-3D.png 1280w, https:\/\/laclabichemission.com\/wp-content\/uploads\/2023\/02\/Convent-3D-300x121.png 300w, https:\/\/laclabichemission.com\/wp-content\/uploads\/2023\/02\/Convent-3D-1024x414.png 1024w, https:\/\/laclabichemission.com\/wp-content\/uploads\/2023\/02\/Convent-3D-768x310.png 768w\" sizes=\"auto, (max-width: 400px) 100vw, 400px\" \/><\/a><\/td><\/tr><\/tbody><\/table><\/figure>\n\n\n\n<p><\/p>\n\n\n\n<div aria-label=\"Carousel Gallery\" class=\"wp-block-coblocks-gallery-carousel alignwide\"><div class=\"coblocks-gallery-carousel-swiper-container is-cropped coblocks-gallery has-caption-style-dark has-horizontal-gutter has-lightbox has-no-thumbnails\"><div class=\"has-carousel has-carousel-lrg swiper-container has-aligned-cells has-responsive-height\" data-swiper=\"{&quot;alignCells&quot;:true,&quot;autoPlay&quot;:true,&quot;autoPlaySpeed&quot;:3000,&quot;draggable&quot;:false,&quot;freeMode&quot;:false,&quot;loop&quot;:true,&quot;navigation&quot;:true,&quot;pageDots&quot;:false,&quot;pauseHover&quot;:true,&quot;responsiveHeight&quot;:true,&quot;slidesPerView&quot;:2,&quot;thumbnails&quot;:false,&quot;uuid&quot;:&quot;12345&quot;}\" style=\"height:400px\"><div class=\"swiper-wrapper\"><div class=\"swiper-slide\"><div class=\"coblocks-gallery--item\" role=\"button\" tabindex=\"0\"><figure class=\"coblocks-gallery--figure has-margin-left-5 has-margin-left-mobile-5 has-margin-right-5 has-margin-right-mobile-5\"><img loading=\"lazy\" decoding=\"async\" width=\"640\" height=\"640\" alt=\"\" class=\"wp-image-148\" data-id=\"148\" data-link=\"https:\/\/laclabichemission.com\/buildings\/barns-1\/\" src=\"https:\/\/laclabichemission.com\/wp-content\/uploads\/2023\/02\/Barns-1.jpg\" srcset=\"https:\/\/laclabichemission.com\/wp-content\/uploads\/2023\/02\/Barns-1.jpg 640w, https:\/\/laclabichemission.com\/wp-content\/uploads\/2023\/02\/Barns-1-300x300.jpg 300w, https:\/\/laclabichemission.com\/wp-content\/uploads\/2023\/02\/Barns-1-150x150.jpg 150w\" sizes=\"auto, (max-width: 640px) 100vw, 640px\" \/><\/figure><figcaption class=\"coblocks-gallery--caption coblocks-gallery--primary-caption\"><\/figcaption><\/div><\/div><div class=\"swiper-slide\"><div class=\"coblocks-gallery--item\" role=\"button\" tabindex=\"1\"><figure class=\"coblocks-gallery--figure has-margin-left-5 has-margin-left-mobile-5 has-margin-right-5 has-margin-right-mobile-5\"><img loading=\"lazy\" decoding=\"async\" width=\"1024\" height=\"1024\" alt=\"\" class=\"wp-image-149\" data-id=\"149\" data-link=\"https:\/\/laclabichemission.com\/buildings\/chickencoop-1\/\" src=\"https:\/\/laclabichemission.com\/wp-content\/uploads\/2023\/02\/ChickenCoop-1-1024x1024.jpg\" srcset=\"https:\/\/laclabichemission.com\/wp-content\/uploads\/2023\/02\/ChickenCoop-1-1024x1024.jpg 1024w, https:\/\/laclabichemission.com\/wp-content\/uploads\/2023\/02\/ChickenCoop-1-300x300.jpg 300w, https:\/\/laclabichemission.com\/wp-content\/uploads\/2023\/02\/ChickenCoop-1-150x150.jpg 150w, https:\/\/laclabichemission.com\/wp-content\/uploads\/2023\/02\/ChickenCoop-1-768x768.jpg 768w, https:\/\/laclabichemission.com\/wp-content\/uploads\/2023\/02\/ChickenCoop-1-650x650.jpg 650w, https:\/\/laclabichemission.com\/wp-content\/uploads\/2023\/02\/ChickenCoop-1-1300x1300.jpg 1300w, https:\/\/laclabichemission.com\/wp-content\/uploads\/2023\/02\/ChickenCoop-1.jpg 1440w\" sizes=\"auto, (max-width: 1024px) 100vw, 1024px\" \/><\/figure><figcaption class=\"coblocks-gallery--caption coblocks-gallery--primary-caption\"><\/figcaption><\/div><\/div><div class=\"swiper-slide\"><div class=\"coblocks-gallery--item\" role=\"button\" tabindex=\"2\"><figure class=\"coblocks-gallery--figure has-margin-left-5 has-margin-left-mobile-5 has-margin-right-5 has-margin-right-mobile-5\"><img loading=\"lazy\" decoding=\"async\" width=\"1024\" height=\"1024\" alt=\"\" class=\"wp-image-150\" data-id=\"150\" data-link=\"https:\/\/laclabichemission.com\/buildings\/church-1\/\" src=\"https:\/\/laclabichemission.com\/wp-content\/uploads\/2023\/02\/Church-1-1024x1024.jpg\" srcset=\"https:\/\/laclabichemission.com\/wp-content\/uploads\/2023\/02\/Church-1-1024x1024.jpg 1024w, https:\/\/laclabichemission.com\/wp-content\/uploads\/2023\/02\/Church-1-300x300.jpg 300w, https:\/\/laclabichemission.com\/wp-content\/uploads\/2023\/02\/Church-1-150x150.jpg 150w, https:\/\/laclabichemission.com\/wp-content\/uploads\/2023\/02\/Church-1-768x768.jpg 768w, https:\/\/laclabichemission.com\/wp-content\/uploads\/2023\/02\/Church-1-650x650.jpg 650w, https:\/\/laclabichemission.com\/wp-content\/uploads\/2023\/02\/Church-1-1300x1300.jpg 1300w, https:\/\/laclabichemission.com\/wp-content\/uploads\/2023\/02\/Church-1.jpg 1440w\" sizes=\"auto, (max-width: 1024px) 100vw, 1024px\" \/><\/figure><figcaption class=\"coblocks-gallery--caption coblocks-gallery--primary-caption\"><\/figcaption><\/div><\/div><div class=\"swiper-slide\"><div class=\"coblocks-gallery--item\" role=\"button\" tabindex=\"3\"><figure class=\"coblocks-gallery--figure has-margin-left-5 has-margin-left-mobile-5 has-margin-right-5 has-margin-right-mobile-5\"><img loading=\"lazy\" decoding=\"async\" width=\"1024\" height=\"1024\" alt=\"\" class=\"wp-image-152\" data-id=\"152\" data-link=\"https:\/\/laclabichemission.com\/buildings\/convent-1\/\" src=\"https:\/\/laclabichemission.com\/wp-content\/uploads\/2023\/02\/Convent-1-1024x1024.jpg\" srcset=\"https:\/\/laclabichemission.com\/wp-content\/uploads\/2023\/02\/Convent-1-1024x1024.jpg 1024w, https:\/\/laclabichemission.com\/wp-content\/uploads\/2023\/02\/Convent-1-300x300.jpg 300w, https:\/\/laclabichemission.com\/wp-content\/uploads\/2023\/02\/Convent-1-150x150.jpg 150w, https:\/\/laclabichemission.com\/wp-content\/uploads\/2023\/02\/Convent-1-768x767.jpg 768w, https:\/\/laclabichemission.com\/wp-content\/uploads\/2023\/02\/Convent-1-650x650.jpg 650w, https:\/\/laclabichemission.com\/wp-content\/uploads\/2023\/02\/Convent-1-1300x1300.jpg 1300w, https:\/\/laclabichemission.com\/wp-content\/uploads\/2023\/02\/Convent-1.jpg 1440w\" sizes=\"auto, (max-width: 1024px) 100vw, 1024px\" \/><\/figure><figcaption class=\"coblocks-gallery--caption coblocks-gallery--primary-caption\"><\/figcaption><\/div><\/div><div class=\"swiper-slide\"><div class=\"coblocks-gallery--item\" role=\"button\" tabindex=\"4\"><figure class=\"coblocks-gallery--figure has-margin-left-5 has-margin-left-mobile-5 has-margin-right-5 has-margin-right-mobile-5\"><img loading=\"lazy\" decoding=\"async\" width=\"1024\" height=\"683\" alt=\"\" class=\"wp-image-153\" data-id=\"153\" data-link=\"https:\/\/laclabichemission.com\/buildings\/garage-1\/\" src=\"https:\/\/laclabichemission.com\/wp-content\/uploads\/2023\/02\/Garage-1-1024x683.jpg\" srcset=\"https:\/\/laclabichemission.com\/wp-content\/uploads\/2023\/02\/Garage-1-1024x683.jpg 1024w, https:\/\/laclabichemission.com\/wp-content\/uploads\/2023\/02\/Garage-1-300x200.jpg 300w, https:\/\/laclabichemission.com\/wp-content\/uploads\/2023\/02\/Garage-1-768x512.jpg 768w, https:\/\/laclabichemission.com\/wp-content\/uploads\/2023\/02\/Garage-1-1536x1024.jpg 1536w, https:\/\/laclabichemission.com\/wp-content\/uploads\/2023\/02\/Garage-1.jpg 1552w\" sizes=\"auto, (max-width: 1024px) 100vw, 1024px\" \/><\/figure><figcaption class=\"coblocks-gallery--caption coblocks-gallery--primary-caption\"><\/figcaption><\/div><\/div><div class=\"swiper-slide\"><div class=\"coblocks-gallery--item\" role=\"button\" tabindex=\"5\"><figure class=\"coblocks-gallery--figure has-margin-left-5 has-margin-left-mobile-5 has-margin-right-5 has-margin-right-mobile-5\"><img loading=\"lazy\" decoding=\"async\" width=\"1024\" height=\"683\" alt=\"\" class=\"wp-image-154\" data-id=\"154\" data-link=\"https:\/\/laclabichemission.com\/buildings\/laundryhouse-1\/\" src=\"https:\/\/laclabichemission.com\/wp-content\/uploads\/2023\/02\/LaundryHouse-1-1024x683.jpg\" srcset=\"https:\/\/laclabichemission.com\/wp-content\/uploads\/2023\/02\/LaundryHouse-1-1024x683.jpg 1024w, https:\/\/laclabichemission.com\/wp-content\/uploads\/2023\/02\/LaundryHouse-1-300x200.jpg 300w, https:\/\/laclabichemission.com\/wp-content\/uploads\/2023\/02\/LaundryHouse-1-768x512.jpg 768w, https:\/\/laclabichemission.com\/wp-content\/uploads\/2023\/02\/LaundryHouse-1-1536x1024.jpg 1536w\" sizes=\"auto, (max-width: 1024px) 100vw, 1024px\" \/><\/figure><figcaption class=\"coblocks-gallery--caption coblocks-gallery--primary-caption\"><\/figcaption><\/div><\/div><div class=\"swiper-slide\"><div class=\"coblocks-gallery--item\" role=\"button\" tabindex=\"6\"><figure class=\"coblocks-gallery--figure has-margin-left-5 has-margin-left-mobile-5 has-margin-right-5 has-margin-right-mobile-5\"><img loading=\"lazy\" decoding=\"async\" width=\"1024\" height=\"1024\" alt=\"\" class=\"wp-image-155\" data-id=\"155\" data-link=\"https:\/\/laclabichemission.com\/buildings\/rectoryrepro-1\/\" src=\"https:\/\/laclabichemission.com\/wp-content\/uploads\/2023\/02\/RectoryRepro-1-1024x1024.jpg\" srcset=\"https:\/\/laclabichemission.com\/wp-content\/uploads\/2023\/02\/RectoryRepro-1-1024x1024.jpg 1024w, https:\/\/laclabichemission.com\/wp-content\/uploads\/2023\/02\/RectoryRepro-1-300x300.jpg 300w, https:\/\/laclabichemission.com\/wp-content\/uploads\/2023\/02\/RectoryRepro-1-150x150.jpg 150w, https:\/\/laclabichemission.com\/wp-content\/uploads\/2023\/02\/RectoryRepro-1-768x768.jpg 768w, https:\/\/laclabichemission.com\/wp-content\/uploads\/2023\/02\/RectoryRepro-1-650x650.jpg 650w, https:\/\/laclabichemission.com\/wp-content\/uploads\/2023\/02\/RectoryRepro-1.jpg 1080w\" sizes=\"auto, (max-width: 1024px) 100vw, 1024px\" \/><\/figure><figcaption class=\"coblocks-gallery--caption coblocks-gallery--primary-caption\"><\/figcaption><\/div><\/div><div class=\"swiper-slide\"><div class=\"coblocks-gallery--item\" role=\"button\" tabindex=\"7\"><figure class=\"coblocks-gallery--figure has-margin-left-5 has-margin-left-mobile-5 has-margin-right-5 has-margin-right-mobile-5\"><img loading=\"lazy\" decoding=\"async\" width=\"960\" height=\"720\" alt=\"\" class=\"wp-image-157\" data-id=\"157\" data-link=\"https:\/\/laclabichemission.com\/buildings\/vc-1\/\" src=\"https:\/\/laclabichemission.com\/wp-content\/uploads\/2023\/02\/VC-1.jpg\" srcset=\"https:\/\/laclabichemission.com\/wp-content\/uploads\/2023\/02\/VC-1.jpg 960w, https:\/\/laclabichemission.com\/wp-content\/uploads\/2023\/02\/VC-1-300x225.jpg 300w, https:\/\/laclabichemission.com\/wp-content\/uploads\/2023\/02\/VC-1-768x576.jpg 768w\" sizes=\"auto, (max-width: 960px) 100vw, 960px\" \/><\/figure><figcaption class=\"coblocks-gallery--caption coblocks-gallery--primary-caption\"><\/figcaption><\/div><\/div><div class=\"swiper-slide\"><div class=\"coblocks-gallery--item\" role=\"button\" tabindex=\"8\"><figure class=\"coblocks-gallery--figure has-margin-left-5 has-margin-left-mobile-5 has-margin-right-5 has-margin-right-mobile-5\"><img loading=\"lazy\" decoding=\"async\" width=\"1024\" height=\"682\" alt=\"\" class=\"wp-image-158\" data-id=\"158\" data-link=\"https:\/\/laclabichemission.com\/buildings\/schoolhouse-1\/\" src=\"https:\/\/laclabichemission.com\/wp-content\/uploads\/2023\/02\/SchoolHouse-1-1024x682.jpg\" srcset=\"https:\/\/laclabichemission.com\/wp-content\/uploads\/2023\/02\/SchoolHouse-1-1024x682.jpg 1024w, https:\/\/laclabichemission.com\/wp-content\/uploads\/2023\/02\/SchoolHouse-1-300x200.jpg 300w, https:\/\/laclabichemission.com\/wp-content\/uploads\/2023\/02\/SchoolHouse-1-768x512.jpg 768w, https:\/\/laclabichemission.com\/wp-content\/uploads\/2023\/02\/SchoolHouse-1-1536x1024.jpg 1536w, https:\/\/laclabichemission.com\/wp-content\/uploads\/2023\/02\/SchoolHouse-1.jpg 1766w\" sizes=\"auto, (max-width: 1024px) 100vw, 1024px\" \/><\/figure><figcaption class=\"coblocks-gallery--caption coblocks-gallery--primary-caption\"><\/figcaption><\/div><\/div><\/div><button class=\"nav-button__prev\" id=\"12345-prev\"><svg class=\"icon\" style=\"transform:rotate(180deg)\"><\/svg><\/button><button class=\"nav-button__next\" id=\"12345-next\"><svg class=\"icon\"><\/svg><\/button><\/div><\/div><\/div>\n\n\n\n<p>.<\/p>\n\n\n<div class=\"wp-block-image\">\n<figure class=\"aligncenter\"><img loading=\"lazy\" decoding=\"async\" width=\"1024\" height=\"236\" src=\"https:\/\/laclabichemission.com\/wp-content\/uploads\/2023\/02\/FooterMission-1024x236.jpg\" alt=\"\" class=\"wp-image-139\" srcset=\"https:\/\/laclabichemission.com\/wp-content\/uploads\/2023\/02\/FooterMission-1024x236.jpg 1024w, https:\/\/laclabichemission.com\/wp-content\/uploads\/2023\/02\/FooterMission-300x69.jpg 300w, https:\/\/laclabichemission.com\/wp-content\/uploads\/2023\/02\/FooterMission-768x177.jpg 768w, https:\/\/laclabichemission.com\/wp-content\/uploads\/2023\/02\/FooterMission-1536x353.jpg 1536w\" sizes=\"auto, (max-width: 1024px) 100vw, 1024px\" \/><\/figure>\n<\/div>","protected":false},"excerpt":{"rendered":"<p>The Lac La Biche Mission features many historic buildings, most fully restored. Convent (1894\/1911) Church (1923) Laundry House (pre-1921) Garage (1948) Rectory reproduction Barns Chicken Coop (1936) School House (1961) Visitor Center Church 3D Visit Convent 3D Visit .<\/p>","protected":false},"author":1,"featured_media":0,"parent":0,"menu_order":0,"comment_status":"closed","ping_status":"closed","template":"","meta":{"_coblocks_attr":"","_coblocks_dimensions":"","_coblocks_responsive_height":"","_coblocks_accordion_ie_support":"","footnotes":""},"class_list":["post-47","page","type-page","status-publish","hentry"],"_links":{"self":[{"href":"https:\/\/laclabichemission.com\/fr\/wp-json\/wp\/v2\/pages\/47","targetHints":{"allow":["GET"]}}],"collection":[{"href":"https:\/\/laclabichemission.com\/fr\/wp-json\/wp\/v2\/pages"}],"about":[{"href":"https:\/\/laclabichemission.com\/fr\/wp-json\/wp\/v2\/types\/page"}],"author":[{"embeddable":true,"href":"https:\/\/laclabichemission.com\/fr\/wp-json\/wp\/v2\/users\/1"}],"replies":[{"embeddable":true,"href":"https:\/\/laclabichemission.com\/fr\/wp-json\/wp\/v2\/comments?post=47"}],"version-history":[{"count":15,"href":"https:\/\/laclabichemission.com\/fr\/wp-json\/wp\/v2\/pages\/47\/revisions"}],"predecessor-version":[{"id":203,"href":"https:\/\/laclabichemission.com\/fr\/wp-json\/wp\/v2\/pages\/47\/revisions\/203"}],"wp:attachment":[{"href":"https:\/\/laclabichemission.com\/fr\/wp-json\/wp\/v2\/media?parent=47"}],"curies":[{"name":"wp","href":"https:\/\/api.w.org\/{rel}","templated":true}]}}