{"id":346,"date":"2023-03-18T01:57:29","date_gmt":"2023-03-18T01:57:29","guid":{"rendered":"https:\/\/laclabichemission.com\/?page_id=346"},"modified":"2023-03-18T02:25:08","modified_gmt":"2023-03-18T02:25:08","slug":"rental","status":"publish","type":"page","link":"https:\/\/laclabichemission.com\/fr\/rental\/","title":{"rendered":"Location"},"content":{"rendered":"<p>Notre site peut accueillir des petits marriages et \u00e9v\u00e8nements. Si vous d\u00e9sirez plus d'information ou si vous avez des questions, n'h\u00e9sitez pas \u00e0 nous contacter au (780) 623-3274 ou par courriel au <a href=\"mailto:llbhs@mcsnet.ca\">llbhs@mcsnet.ca<\/a>. Il nous fera plaisir de vous aider avec votre \u00e9v\u00e8nement \u00e0 la Mission du Lac La Biche.\u00a0<\/p>\n\n\n\n<p><strong>\u00c9glise<\/strong><\/p>\n\n\n\n<p>L'\u00e9glise a \u00e9t\u00e9 construite en 1923. Elle a remplac\u00e9 la premi\u00e8re \u00e9glise de la Mission qui a \u00e9t\u00e9 d\u00e9truite par une tornade en 1921. Par chance, l'autel et plusieurs artefacts religieux ont pu \u00eatre r\u00e9cup\u00e9r\u00e9s dans les d\u00e9combres et plac\u00e9s dans la nouvelle \u00e9glise. Le plafond est original \u00e0 la construction de l'\u00e9glise.&nbsp;<\/p>\n\n\n\n<p>Plusieurs c\u00e9l\u00e9brations ont eu lieu dans l'\u00e9glise, dont des marriages, des bapt\u00eames et des premi\u00e8res communions.<\/p>\n\n\n\n<p>Il y a 14 bancs et on peut y assoir un maximum de 79 personnes avec 10 personnes debout.<\/p>\n\n\n\n<div aria-label=\"Offset Gallery\" class=\"wp-block-coblocks-gallery-offset\"><ul class=\"coblocks-gallery has-no-alignment has-caption-style-dark has-medium-images has-medium-gutter\"><li class=\"coblocks-gallery--item\"><figure class=\"wp-block-coblocks-gallery-offset__figure\"><img loading=\"lazy\" decoding=\"async\" width=\"768\" height=\"1024\" src=\"https:\/\/laclabichemission.com\/wp-content\/uploads\/2023\/03\/IMG_2587-768x1024.jpg\" alt=\"\" data-id=\"354\" data-imglink=\"\" data-link=\"https:\/\/laclabichemission.com\/rental\/img_2587\/\" class=\"wp-image-354\" srcset=\"https:\/\/laclabichemission.com\/wp-content\/uploads\/2023\/03\/IMG_2587-768x1024.jpg 768w, https:\/\/laclabichemission.com\/wp-content\/uploads\/2023\/03\/IMG_2587-225x300.jpg 225w, https:\/\/laclabichemission.com\/wp-content\/uploads\/2023\/03\/IMG_2587-1152x1536.jpg 1152w, https:\/\/laclabichemission.com\/wp-content\/uploads\/2023\/03\/IMG_2587-1536x2048.jpg 1536w, https:\/\/laclabichemission.com\/wp-content\/uploads\/2023\/03\/IMG_2587-9x12.jpg 9w, https:\/\/laclabichemission.com\/wp-content\/uploads\/2023\/03\/IMG_2587-scaled.jpg 1920w\" sizes=\"auto, (max-width: 768px) 100vw, 768px\" \/><\/figure><\/li><li class=\"coblocks-gallery--item\"><figure class=\"wp-block-coblocks-gallery-offset__figure\"><img loading=\"lazy\" decoding=\"async\" width=\"702\" height=\"1024\" src=\"https:\/\/laclabichemission.com\/wp-content\/uploads\/2023\/03\/Screen-Shot-2023-03-17-at-8.03.48-PM-702x1024.png\" alt=\"\" data-id=\"353\" data-imglink=\"\" data-link=\"https:\/\/laclabichemission.com\/rental\/screen-shot-2023-03-17-at-8-03-48-pm\/\" class=\"wp-image-353\" srcset=\"https:\/\/laclabichemission.com\/wp-content\/uploads\/2023\/03\/Screen-Shot-2023-03-17-at-8.03.48-PM-702x1024.png 702w, https:\/\/laclabichemission.com\/wp-content\/uploads\/2023\/03\/Screen-Shot-2023-03-17-at-8.03.48-PM-206x300.png 206w, https:\/\/laclabichemission.com\/wp-content\/uploads\/2023\/03\/Screen-Shot-2023-03-17-at-8.03.48-PM-768x1120.png 768w, https:\/\/laclabichemission.com\/wp-content\/uploads\/2023\/03\/Screen-Shot-2023-03-17-at-8.03.48-PM-8x12.png 8w, https:\/\/laclabichemission.com\/wp-content\/uploads\/2023\/03\/Screen-Shot-2023-03-17-at-8.03.48-PM.png 842w\" sizes=\"auto, (max-width: 702px) 100vw, 702px\" \/><\/figure><\/li><li class=\"coblocks-gallery--item\"><figure class=\"wp-block-coblocks-gallery-offset__figure\"><img loading=\"lazy\" decoding=\"async\" width=\"695\" height=\"1024\" src=\"https:\/\/laclabichemission.com\/wp-content\/uploads\/2023\/03\/IMG_2493-preview-695x1024.jpg\" alt=\"\" data-id=\"362\" data-imglink=\"\" data-link=\"https:\/\/laclabichemission.com\/rental\/img_2493-preview\/\" class=\"wp-image-362\" srcset=\"https:\/\/laclabichemission.com\/wp-content\/uploads\/2023\/03\/IMG_2493-preview-695x1024.jpg 695w, https:\/\/laclabichemission.com\/wp-content\/uploads\/2023\/03\/IMG_2493-preview-204x300.jpg 204w, https:\/\/laclabichemission.com\/wp-content\/uploads\/2023\/03\/IMG_2493-preview-768x1132.jpg 768w, https:\/\/laclabichemission.com\/wp-content\/uploads\/2023\/03\/IMG_2493-preview-1042x1536.jpg 1042w, https:\/\/laclabichemission.com\/wp-content\/uploads\/2023\/03\/IMG_2493-preview-1389x2048.jpg 1389w, https:\/\/laclabichemission.com\/wp-content\/uploads\/2023\/03\/IMG_2493-preview-8x12.jpg 8w, https:\/\/laclabichemission.com\/wp-content\/uploads\/2023\/03\/IMG_2493-preview.jpg 1601w\" sizes=\"auto, (max-width: 695px) 100vw, 695px\" \/><\/figure><\/li><li class=\"coblocks-gallery--item\"><figure class=\"wp-block-coblocks-gallery-offset__figure\"><img loading=\"lazy\" decoding=\"async\" width=\"768\" height=\"1024\" src=\"https:\/\/laclabichemission.com\/wp-content\/uploads\/2023\/03\/IMG_2584-768x1024.jpg\" alt=\"\" data-id=\"363\" data-imglink=\"\" data-link=\"https:\/\/laclabichemission.com\/rental\/img_2584\/\" class=\"wp-image-363\" srcset=\"https:\/\/laclabichemission.com\/wp-content\/uploads\/2023\/03\/IMG_2584-768x1024.jpg 768w, https:\/\/laclabichemission.com\/wp-content\/uploads\/2023\/03\/IMG_2584-225x300.jpg 225w, https:\/\/laclabichemission.com\/wp-content\/uploads\/2023\/03\/IMG_2584-1152x1536.jpg 1152w, https:\/\/laclabichemission.com\/wp-content\/uploads\/2023\/03\/IMG_2584-1536x2048.jpg 1536w, https:\/\/laclabichemission.com\/wp-content\/uploads\/2023\/03\/IMG_2584-9x12.jpg 9w, https:\/\/laclabichemission.com\/wp-content\/uploads\/2023\/03\/IMG_2584-scaled.jpg 1920w\" sizes=\"auto, (max-width: 768px) 100vw, 768px\" \/><\/figure><\/li><li class=\"coblocks-gallery--item\"><figure class=\"wp-block-coblocks-gallery-offset__figure\"><img loading=\"lazy\" decoding=\"async\" width=\"768\" height=\"1024\" src=\"https:\/\/laclabichemission.com\/wp-content\/uploads\/2023\/03\/IMG_2858-768x1024.jpg\" alt=\"\" data-id=\"364\" data-imglink=\"\" data-link=\"https:\/\/laclabichemission.com\/rental\/img_2858\/\" class=\"wp-image-364\" srcset=\"https:\/\/laclabichemission.com\/wp-content\/uploads\/2023\/03\/IMG_2858-768x1024.jpg 768w, https:\/\/laclabichemission.com\/wp-content\/uploads\/2023\/03\/IMG_2858-225x300.jpg 225w, https:\/\/laclabichemission.com\/wp-content\/uploads\/2023\/03\/IMG_2858-1152x1536.jpg 1152w, https:\/\/laclabichemission.com\/wp-content\/uploads\/2023\/03\/IMG_2858-1536x2048.jpg 1536w, https:\/\/laclabichemission.com\/wp-content\/uploads\/2023\/03\/IMG_2858-9x12.jpg 9w, https:\/\/laclabichemission.com\/wp-content\/uploads\/2023\/03\/IMG_2858-scaled.jpg 1920w\" sizes=\"auto, (max-width: 768px) 100vw, 768px\" \/><\/figure><\/li><li class=\"coblocks-gallery--item\"><figure class=\"wp-block-coblocks-gallery-offset__figure\"><img loading=\"lazy\" decoding=\"async\" width=\"768\" height=\"1024\" src=\"https:\/\/laclabichemission.com\/wp-content\/uploads\/2023\/03\/IMG_2930-768x1024.jpg\" alt=\"\" data-id=\"365\" data-imglink=\"\" data-link=\"https:\/\/laclabichemission.com\/rental\/img_2930\/\" class=\"wp-image-365\" srcset=\"https:\/\/laclabichemission.com\/wp-content\/uploads\/2023\/03\/IMG_2930-768x1024.jpg 768w, https:\/\/laclabichemission.com\/wp-content\/uploads\/2023\/03\/IMG_2930-225x300.jpg 225w, https:\/\/laclabichemission.com\/wp-content\/uploads\/2023\/03\/IMG_2930-1152x1536.jpg 1152w, https:\/\/laclabichemission.com\/wp-content\/uploads\/2023\/03\/IMG_2930-1536x2048.jpg 1536w, https:\/\/laclabichemission.com\/wp-content\/uploads\/2023\/03\/IMG_2930-9x12.jpg 9w, https:\/\/laclabichemission.com\/wp-content\/uploads\/2023\/03\/IMG_2930-scaled.jpg 1920w\" sizes=\"auto, (max-width: 768px) 100vw, 768px\" \/><\/figure><\/li><\/ul><\/div>\n\n\n\n<p><strong>\u00c9cole<\/strong><\/p>\n\n\n\n<p>L'\u00e9cole a \u00e9t\u00e9 apport\u00e9e sur le site de la Mission en 1960 et a \u00e9t\u00e9 utilis\u00e9e pendant 3 ans pour les \u00e9l\u00e8ves. \u00c0 l'origine, c'\u00e9tait deux \u00e9difices s\u00e9par\u00e9s. Ils ont \u00e9t\u00e9 joint avec un corridor central lorsque d\u00e9plac\u00e9s \u00e0 la Mission.&nbsp;<\/p>\n\n\n\n<p>La salle de classe principale de l'\u00e9cole est une pi\u00e8ce tr\u00e8s lumineuse avec de beaux planchers turquoise, une grande murale et le tableau \u00e0 craie d'origine.&nbsp;<\/p>\n\n\n\n<p>Cette pi\u00e8ce n'est pas accessible car il y a des escaliers pour y avoir acc\u00e8s.<\/p>\n\n\n\n<p>Cette pi\u00e8ce peut accueillir 24 personnes et des tables et chaises sont disponibles si requis.<\/p>\n\n\n\n<div aria-label=\"Offset Gallery\" class=\"wp-block-coblocks-gallery-offset\"><ul class=\"coblocks-gallery has-no-alignment has-caption-style-dark has-medium-images has-small-gutter\"><li class=\"coblocks-gallery--item\"><figure class=\"wp-block-coblocks-gallery-offset__figure\"><img loading=\"lazy\" decoding=\"async\" width=\"1024\" height=\"768\" src=\"https:\/\/laclabichemission.com\/wp-content\/uploads\/2023\/03\/IMG_7053-1024x768.jpg\" alt=\"\" data-id=\"360\" data-imglink=\"\" data-link=\"https:\/\/laclabichemission.com\/rental\/img_7053\/\" class=\"wp-image-360\" srcset=\"https:\/\/laclabichemission.com\/wp-content\/uploads\/2023\/03\/IMG_7053-1024x768.jpg 1024w, https:\/\/laclabichemission.com\/wp-content\/uploads\/2023\/03\/IMG_7053-300x225.jpg 300w, https:\/\/laclabichemission.com\/wp-content\/uploads\/2023\/03\/IMG_7053-768x576.jpg 768w, https:\/\/laclabichemission.com\/wp-content\/uploads\/2023\/03\/IMG_7053-1536x1152.jpg 1536w, https:\/\/laclabichemission.com\/wp-content\/uploads\/2023\/03\/IMG_7053-16x12.jpg 16w\" sizes=\"auto, (max-width: 1024px) 100vw, 1024px\" \/><\/figure><\/li><li class=\"coblocks-gallery--item\"><figure class=\"wp-block-coblocks-gallery-offset__figure\"><img loading=\"lazy\" decoding=\"async\" width=\"1024\" height=\"768\" src=\"https:\/\/laclabichemission.com\/wp-content\/uploads\/2023\/03\/IMG_7060-1024x768.jpg\" alt=\"\" data-id=\"361\" data-imglink=\"\" data-link=\"https:\/\/laclabichemission.com\/rental\/img_7060\/\" class=\"wp-image-361\" srcset=\"https:\/\/laclabichemission.com\/wp-content\/uploads\/2023\/03\/IMG_7060-1024x768.jpg 1024w, https:\/\/laclabichemission.com\/wp-content\/uploads\/2023\/03\/IMG_7060-300x225.jpg 300w, https:\/\/laclabichemission.com\/wp-content\/uploads\/2023\/03\/IMG_7060-768x576.jpg 768w, https:\/\/laclabichemission.com\/wp-content\/uploads\/2023\/03\/IMG_7060-1536x1152.jpg 1536w, https:\/\/laclabichemission.com\/wp-content\/uploads\/2023\/03\/IMG_7060-16x12.jpg 16w\" sizes=\"auto, (max-width: 1024px) 100vw, 1024px\" \/><\/figure><\/li><\/ul><\/div>\n\n\n\n<p><strong>Centre des visiteurs - Pi\u00e8ce principale<\/strong><\/p>\n\n\n\n<p>Le Centre des visiteurs est la plus grande salle que nous louons. Elle est lumineuse et spacieuse. Sur les murs de bois blanc il y a des items traditionnels et des outils, ce qui donne \u00e0 l'espace un air rustique.<\/p>\n\n\n\n<p>Cette pi\u00e8ce est accessible en chaise roulante. Elle mesure 30x37 pieds et on peut y recevoir 40 personnes assises ou 60 personnes debout.<\/p>\n\n\n\n<p>Des tables et chaises en bois d'\u00e9rables fabriqu\u00e9es \u00e0 la main par un artisan du bois sont disponibles dans cette pi\u00e8ce.<\/p>\n\n\n\n<div aria-label=\"Offset Gallery\" class=\"wp-block-coblocks-gallery-offset\"><ul class=\"coblocks-gallery has-no-alignment has-caption-style-dark has-medium-images has-small-gutter\"><li class=\"coblocks-gallery--item\"><figure class=\"wp-block-coblocks-gallery-offset__figure\"><img loading=\"lazy\" decoding=\"async\" width=\"1024\" height=\"768\" src=\"https:\/\/laclabichemission.com\/wp-content\/uploads\/2023\/03\/IMG_7520-1024x768.jpg\" alt=\"\" data-id=\"356\" data-imglink=\"\" data-link=\"https:\/\/laclabichemission.com\/rental\/img_7520\/\" class=\"wp-image-356\" srcset=\"https:\/\/laclabichemission.com\/wp-content\/uploads\/2023\/03\/IMG_7520-1024x768.jpg 1024w, https:\/\/laclabichemission.com\/wp-content\/uploads\/2023\/03\/IMG_7520-300x225.jpg 300w, https:\/\/laclabichemission.com\/wp-content\/uploads\/2023\/03\/IMG_7520-768x576.jpg 768w, https:\/\/laclabichemission.com\/wp-content\/uploads\/2023\/03\/IMG_7520-1536x1152.jpg 1536w, https:\/\/laclabichemission.com\/wp-content\/uploads\/2023\/03\/IMG_7520-16x12.jpg 16w\" sizes=\"auto, (max-width: 1024px) 100vw, 1024px\" \/><\/figure><\/li><li class=\"coblocks-gallery--item\"><figure class=\"wp-block-coblocks-gallery-offset__figure\"><img loading=\"lazy\" decoding=\"async\" width=\"1024\" height=\"768\" src=\"https:\/\/laclabichemission.com\/wp-content\/uploads\/2023\/03\/IMG_7522-1024x768.jpg\" alt=\"\" data-id=\"357\" data-imglink=\"\" data-link=\"https:\/\/laclabichemission.com\/rental\/img_7522\/\" class=\"wp-image-357\" srcset=\"https:\/\/laclabichemission.com\/wp-content\/uploads\/2023\/03\/IMG_7522-1024x768.jpg 1024w, https:\/\/laclabichemission.com\/wp-content\/uploads\/2023\/03\/IMG_7522-300x225.jpg 300w, https:\/\/laclabichemission.com\/wp-content\/uploads\/2023\/03\/IMG_7522-768x576.jpg 768w, https:\/\/laclabichemission.com\/wp-content\/uploads\/2023\/03\/IMG_7522-1536x1152.jpg 1536w, https:\/\/laclabichemission.com\/wp-content\/uploads\/2023\/03\/IMG_7522-16x12.jpg 16w\" sizes=\"auto, (max-width: 1024px) 100vw, 1024px\" \/><\/figure><\/li><li class=\"coblocks-gallery--item\"><figure class=\"wp-block-coblocks-gallery-offset__figure\"><img loading=\"lazy\" decoding=\"async\" width=\"768\" height=\"1024\" src=\"https:\/\/laclabichemission.com\/wp-content\/uploads\/2023\/03\/IMG_7524-768x1024.jpg\" alt=\"\" data-id=\"358\" data-imglink=\"\" data-link=\"https:\/\/laclabichemission.com\/rental\/img_7524\/\" class=\"wp-image-358\" srcset=\"https:\/\/laclabichemission.com\/wp-content\/uploads\/2023\/03\/IMG_7524-768x1024.jpg 768w, https:\/\/laclabichemission.com\/wp-content\/uploads\/2023\/03\/IMG_7524-225x300.jpg 225w, https:\/\/laclabichemission.com\/wp-content\/uploads\/2023\/03\/IMG_7524-1152x1536.jpg 1152w, https:\/\/laclabichemission.com\/wp-content\/uploads\/2023\/03\/IMG_7524-1536x2048.jpg 1536w, https:\/\/laclabichemission.com\/wp-content\/uploads\/2023\/03\/IMG_7524-9x12.jpg 9w, https:\/\/laclabichemission.com\/wp-content\/uploads\/2023\/03\/IMG_7524-scaled.jpg 1920w\" sizes=\"auto, (max-width: 768px) 100vw, 768px\" \/><\/figure><\/li><li class=\"coblocks-gallery--item\"><figure class=\"wp-block-coblocks-gallery-offset__figure\"><img loading=\"lazy\" decoding=\"async\" width=\"1024\" height=\"768\" src=\"https:\/\/laclabichemission.com\/wp-content\/uploads\/2023\/03\/IMG_7525-1024x768.jpg\" alt=\"\" data-id=\"359\" data-imglink=\"\" data-link=\"https:\/\/laclabichemission.com\/rental\/img_7525\/\" class=\"wp-image-359\" srcset=\"https:\/\/laclabichemission.com\/wp-content\/uploads\/2023\/03\/IMG_7525-1024x768.jpg 1024w, https:\/\/laclabichemission.com\/wp-content\/uploads\/2023\/03\/IMG_7525-300x225.jpg 300w, https:\/\/laclabichemission.com\/wp-content\/uploads\/2023\/03\/IMG_7525-768x576.jpg 768w, https:\/\/laclabichemission.com\/wp-content\/uploads\/2023\/03\/IMG_7525-1536x1152.jpg 1536w, https:\/\/laclabichemission.com\/wp-content\/uploads\/2023\/03\/IMG_7525-16x12.jpg 16w\" sizes=\"auto, (max-width: 1024px) 100vw, 1024px\" \/><\/figure><\/li><\/ul><\/div>\n\n\n\n<p><strong>Le terrain du site historique<\/strong><\/p>\n\n\n\n<p>Notre terrain fait environ 8 acres, bord\u00e9 par le Lac La Biche. Cela offre de magnifiques endroits pour vos photographies, peu importe la saison.&nbsp;<\/p>\n\n\n\n<p>Vous pouvez aussi organiser vos plus grands \u00e9v\u00e9nements avec tentes (\u00e0 vos frais) et il y a beaucoup d'espace de stationnement. Nous louons aussi notre cuisine commerciale.<\/p>\n\n\n\n<p>Vous trouverez plusieurs b\u00e2timents historiques, des trottoirs de bois, du gazon, des \u00e9tables, etc. Cela offre une magnifique toile de fond pour votre \u00e9v\u00e8nement ou vos photographies.<\/p>\n\n\n\n<div aria-label=\"Offset Gallery\" class=\"wp-block-coblocks-gallery-offset\"><ul class=\"coblocks-gallery has-no-alignment has-caption-style-dark has-medium-images has-small-gutter\"><li class=\"coblocks-gallery--item\"><figure class=\"wp-block-coblocks-gallery-offset__figure\"><img loading=\"lazy\" decoding=\"async\" width=\"768\" height=\"1024\" src=\"https:\/\/laclabichemission.com\/wp-content\/uploads\/2023\/03\/IMG_3091-768x1024.jpg\" alt=\"\" data-id=\"367\" data-imglink=\"\" data-link=\"https:\/\/laclabichemission.com\/rental\/img_3091\/\" class=\"wp-image-367\" srcset=\"https:\/\/laclabichemission.com\/wp-content\/uploads\/2023\/03\/IMG_3091-768x1024.jpg 768w, https:\/\/laclabichemission.com\/wp-content\/uploads\/2023\/03\/IMG_3091-225x300.jpg 225w, https:\/\/laclabichemission.com\/wp-content\/uploads\/2023\/03\/IMG_3091-1152x1536.jpg 1152w, https:\/\/laclabichemission.com\/wp-content\/uploads\/2023\/03\/IMG_3091-1536x2048.jpg 1536w, https:\/\/laclabichemission.com\/wp-content\/uploads\/2023\/03\/IMG_3091-9x12.jpg 9w, https:\/\/laclabichemission.com\/wp-content\/uploads\/2023\/03\/IMG_3091-scaled.jpg 1920w\" sizes=\"auto, (max-width: 768px) 100vw, 768px\" \/><\/figure><\/li><\/ul><\/div>\n\n\n\n<figure class=\"wp-block-table\"><table><tbody><tr><td><strong>\u00c9DIFICE<\/strong><\/td><td><strong>PRIX DEMI-JOURN\u00c9E<\/strong><strong><\/strong><\/td><td><strong>PRIX JOURN\u00c9E ENTI\u00c8RE<\/strong><strong><\/strong><\/td><\/tr><tr><td>\u00c9glise<\/td><td>$250<\/td><td>$500<\/td><\/tr><tr><td>Terrain pour \u00e9v\u00e8nements<\/td><td>$250<\/td><td>$500<\/td><\/tr><tr><td>Cuisine commerciale (pour \u00e9v\u00e8nements ext\u00e9rieurs)<\/td><td>$250<\/td><td>$500<\/td><\/tr><tr><td>\u00c9cole - Salle de classe principale<\/td><td>$100<\/td><td>$200<\/td><\/tr><tr><td>Centre des visiteurs - Pi\u00e8ce principale<\/td><td>$100<\/td><td>$200<\/td><\/tr><tr><td>Dehors pour photographies<\/td><td>Don \u00e0 votre discr\u00e9tion<\/td><\/tr><tr><td>D\u00e9p\u00f4t de garantie (par \u00e9difice lou\u00e9)<\/td><td>$250<\/td><\/tr><\/tbody><\/table><\/figure>","protected":false},"excerpt":{"rendered":"<p>Our site is designed to meet the needs of small weddings and events. If you require additional information or have any questions, you can contact us directly at (780) 623-3274 or by email at llbhs@mcsnet.ca. It would be our pleasure [&hellip;]<\/p>\n","protected":false},"author":1,"featured_media":0,"parent":0,"menu_order":0,"comment_status":"closed","ping_status":"closed","template":"","meta":{"_coblocks_attr":"","_coblocks_dimensions":"","_coblocks_responsive_height":"","_coblocks_accordion_ie_support":"","footnotes":""},"class_list":["post-346","page","type-page","status-publish","hentry"],"_links":{"self":[{"href":"https:\/\/laclabichemission.com\/fr\/wp-json\/wp\/v2\/pages\/346","targetHints":{"allow":["GET"]}}],"collection":[{"href":"https:\/\/laclabichemission.com\/fr\/wp-json\/wp\/v2\/pages"}],"about":[{"href":"https:\/\/laclabichemission.com\/fr\/wp-json\/wp\/v2\/types\/page"}],"author":[{"embeddable":true,"href":"https:\/\/laclabichemission.com\/fr\/wp-json\/wp\/v2\/users\/1"}],"replies":[{"embeddable":true,"href":"https:\/\/laclabichemission.com\/fr\/wp-json\/wp\/v2\/comments?post=346"}],"version-history":[{"count":4,"href":"https:\/\/laclabichemission.com\/fr\/wp-json\/wp\/v2\/pages\/346\/revisions"}],"predecessor-version":[{"id":372,"href":"https:\/\/laclabichemission.com\/fr\/wp-json\/wp\/v2\/pages\/346\/revisions\/372"}],"wp:attachment":[{"href":"https:\/\/laclabichemission.com\/fr\/wp-json\/wp\/v2\/media?parent=346"}],"curies":[{"name":"wp","href":"https:\/\/api.w.org\/{rel}","templated":true}]}}