{"id":12,"date":"2022-11-13T03:35:15","date_gmt":"2022-11-13T03:35:15","guid":{"rendered":"https:\/\/laclabichemission.com\/?page_id=12"},"modified":"2023-04-20T21:14:24","modified_gmt":"2023-04-20T21:14:24","slug":"gift-shop-concession","status":"publish","type":"page","link":"https:\/\/laclabichemission.com\/fr\/gift-shop-concession\/","title":{"rendered":"Magasin et cr\u00e8me glac\u00e9e"},"content":{"rendered":"<p>Vous pouvez vous procurez une cr\u00e8me glac\u00e9e rafraichissante dans notre magasin. Nous avons aussi des cadeaux et souvenirs en vente.<\/p>\n\n\n\n<p>We also have an online store where you can order items with the Mission logo, right to your door! This is also a fundraiser for the Mission as we get a portion of the proceeds. Thank you!<\/p>\n\n\n<div class=\"wp-block-image\">\n<figure class=\"aligncenter size-full is-resized\"><a class=\"http:\/\/laclabichemission.entripyshops.com\/\" href=\"http:\/\/laclabichemission.entripyshops.com\/\" target=\"_blank\" rel=\"http:\/\/laclabichemission.entripyshops.com\/ noreferrer noopener\"><img decoding=\"async\" src=\"https:\/\/laclabichemission.com\/wp-content\/uploads\/2023\/04\/Screen-Shot-2023-04-20-at-3.12.06-PM.png\" alt=\"\" class=\"wp-image-431\" width=\"-93\" height=\"-91\" srcset=\"https:\/\/laclabichemission.com\/wp-content\/uploads\/2023\/04\/Screen-Shot-2023-04-20-at-3.12.06-PM.png 354w, https:\/\/laclabichemission.com\/wp-content\/uploads\/2023\/04\/Screen-Shot-2023-04-20-at-3.12.06-PM-300x295.png 300w, https:\/\/laclabichemission.com\/wp-content\/uploads\/2023\/04\/Screen-Shot-2023-04-20-at-3.12.06-PM-12x12.png 12w\" sizes=\"(max-width: 354px) 100vw, 354px\" \/><\/a><figcaption class=\"wp-element-caption\">Click on the photo above to access our online store.<\/figcaption><\/figure>\n<\/div>\n\n<div class=\"wp-block-image\">\n<figure class=\"aligncenter size-large\"><img loading=\"lazy\" decoding=\"async\" width=\"1024\" height=\"236\" src=\"https:\/\/laclabichemission.com\/wp-content\/uploads\/2023\/02\/FooterMission14-1024x236.jpg\" alt=\"\" class=\"wp-image-261\" srcset=\"https:\/\/laclabichemission.com\/wp-content\/uploads\/2023\/02\/FooterMission14-1024x236.jpg 1024w, https:\/\/laclabichemission.com\/wp-content\/uploads\/2023\/02\/FooterMission14-300x69.jpg 300w, https:\/\/laclabichemission.com\/wp-content\/uploads\/2023\/02\/FooterMission14-768x177.jpg 768w, https:\/\/laclabichemission.com\/wp-content\/uploads\/2023\/02\/FooterMission14-1536x353.jpg 1536w\" sizes=\"auto, (max-width: 1024px) 100vw, 1024px\" \/><\/figure>\n<\/div>","protected":false},"excerpt":{"rendered":"<p>You can get your refreshing ice cream treat from our concession. We also have a shop on site with gifts and souvenirs from your visit at the Lac La Biche Mission. We also have an online store where you can [&hellip;]<\/p>\n","protected":false},"author":1,"featured_media":0,"parent":0,"menu_order":0,"comment_status":"closed","ping_status":"closed","template":"","meta":{"_coblocks_attr":"","_coblocks_dimensions":"","_coblocks_responsive_height":"","_coblocks_accordion_ie_support":"","footnotes":""},"class_list":["post-12","page","type-page","status-publish","hentry"],"_links":{"self":[{"href":"https:\/\/laclabichemission.com\/fr\/wp-json\/wp\/v2\/pages\/12","targetHints":{"allow":["GET"]}}],"collection":[{"href":"https:\/\/laclabichemission.com\/fr\/wp-json\/wp\/v2\/pages"}],"about":[{"href":"https:\/\/laclabichemission.com\/fr\/wp-json\/wp\/v2\/types\/page"}],"author":[{"embeddable":true,"href":"https:\/\/laclabichemission.com\/fr\/wp-json\/wp\/v2\/users\/1"}],"replies":[{"embeddable":true,"href":"https:\/\/laclabichemission.com\/fr\/wp-json\/wp\/v2\/comments?post=12"}],"version-history":[{"count":14,"href":"https:\/\/laclabichemission.com\/fr\/wp-json\/wp\/v2\/pages\/12\/revisions"}],"predecessor-version":[{"id":435,"href":"https:\/\/laclabichemission.com\/fr\/wp-json\/wp\/v2\/pages\/12\/revisions\/435"}],"wp:attachment":[{"href":"https:\/\/laclabichemission.com\/fr\/wp-json\/wp\/v2\/media?parent=12"}],"curies":[{"name":"wp","href":"https:\/\/api.w.org\/{rel}","templated":true}]}}